{"id":63,"date":"2016-09-20T09:19:34","date_gmt":"2016-09-20T14:19:34","guid":{"rendered":"http:\/\/www.brodernacarlssonab.se\/home\/"},"modified":"2023-01-24T09:47:29","modified_gmt":"2023-01-24T09:47:29","slug":"home","status":"publish","type":"page","link":"https:\/\/www.brodernacarlssonab.se\/en\/","title":{"rendered":"Hem"},"content":{"rendered":"<div id=\"cs-content\" class=\"cs-content\"><\/div>","protected":false},"excerpt":{"rendered":"","protected":false},"author":1,"featured_media":0,"parent":0,"menu_order":0,"comment_status":"closed","ping_status":"closed","template":"template-blank-4.php","meta":[],"yoast_head":"<!-- This site is optimized with the Yoast SEO plugin v20.0 - https:\/\/yoast.com\/wordpress\/plugins\/seo\/ -->\n<title>Br\u00f6derna Carlsson - Legotillverkning och precisionsbearbetning .<\/title>\n<meta name=\"description\" content=\"Legotillverkning och precisionsbearbetning med stor kundnytta och kvalitet. Hos v\u00e5ra kunder skall vi vara den sj\u00e4lvklara partnern och medleverant\u00f6ren.\" \/>\n<meta name=\"robots\" content=\"index, follow, max-snippet:-1, max-image-preview:large, max-video-preview:-1\" \/>\n<link rel=\"canonical\" href=\"https:\/\/www.brodernacarlssonab.se\/en\/\" \/>\n<meta property=\"og:locale\" content=\"en_GB\" \/>\n<meta property=\"og:type\" content=\"article\" \/>\n<meta property=\"og:title\" content=\"Br\u00f6derna Carlsson - Legotillverkning och precisionsbearbetning .\" \/>\n<meta property=\"og:description\" content=\"Legotillverkning och precisionsbearbetning med stor kundnytta och kvalitet. Hos v\u00e5ra kunder skall vi vara den sj\u00e4lvklara partnern och medleverant\u00f6ren.\" \/>\n<meta property=\"og:url\" content=\"https:\/\/www.brodernacarlssonab.se\/en\/\" \/>\n<meta property=\"og:site_name\" content=\"Br\u00f6derna Carlsson\" \/>\n<meta property=\"article:modified_time\" content=\"2023-01-24T09:47:29+00:00\" \/>\n<meta name=\"twitter:card\" content=\"summary_large_image\" \/>\n<meta name=\"twitter:label1\" content=\"Estimated reading time\" \/>\n\t<meta name=\"twitter:data1\" content=\"25 minutes\" \/>\n<script type=\"application\/ld+json\" class=\"yoast-schema-graph\">{\"@context\":\"https:\/\/schema.org\",\"@graph\":[{\"@type\":\"WebPage\",\"@id\":\"https:\/\/www.brodernacarlssonab.se\/\",\"url\":\"https:\/\/www.brodernacarlssonab.se\/\",\"name\":\"Br\u00f6derna Carlsson - Legotillverkning och precisionsbearbetning .\",\"isPartOf\":{\"@id\":\"https:\/\/www.brodernacarlssonab.se\/#website\"},\"datePublished\":\"2016-09-20T14:19:34+00:00\",\"dateModified\":\"2023-01-24T09:47:29+00:00\",\"description\":\"Legotillverkning och precisionsbearbetning med stor kundnytta och kvalitet. Hos v\u00e5ra kunder skall vi vara den sj\u00e4lvklara partnern och medleverant\u00f6ren.\",\"breadcrumb\":{\"@id\":\"https:\/\/www.brodernacarlssonab.se\/#breadcrumb\"},\"inLanguage\":\"en-GB\",\"potentialAction\":[{\"@type\":\"ReadAction\",\"target\":[\"https:\/\/www.brodernacarlssonab.se\/\"]}]},{\"@type\":\"BreadcrumbList\",\"@id\":\"https:\/\/www.brodernacarlssonab.se\/#breadcrumb\",\"itemListElement\":[{\"@type\":\"ListItem\",\"position\":1,\"name\":\"Hem\",\"item\":\"https:\/\/www.brodernacarlssonab.se\/\"},{\"@type\":\"ListItem\",\"position\":2,\"name\":\"Hem\"}]},{\"@type\":\"WebSite\",\"@id\":\"https:\/\/www.brodernacarlssonab.se\/#website\",\"url\":\"https:\/\/www.brodernacarlssonab.se\/\",\"name\":\"Br\u00f6derna Carlsson\",\"description\":\"H\u00f6gteknologiskt hantverk med skicklighet och precision\",\"potentialAction\":[{\"@type\":\"SearchAction\",\"target\":{\"@type\":\"EntryPoint\",\"urlTemplate\":\"https:\/\/www.brodernacarlssonab.se\/?s={search_term_string}\"},\"query-input\":\"required name=search_term_string\"}],\"inLanguage\":\"en-GB\"}]}<\/script>\n<!-- \/ Yoast SEO plugin. -->","yoast_head_json":{"title":"Br\u00f6derna Carlsson - Legotillverkning och precisionsbearbetning .","description":"Legotillverkning och precisionsbearbetning med stor kundnytta och kvalitet. Hos v\u00e5ra kunder skall vi vara den sj\u00e4lvklara partnern och medleverant\u00f6ren.","robots":{"index":"index","follow":"follow","max-snippet":"max-snippet:-1","max-image-preview":"max-image-preview:large","max-video-preview":"max-video-preview:-1"},"canonical":"https:\/\/www.brodernacarlssonab.se\/en\/","og_locale":"en_GB","og_type":"article","og_title":"Br\u00f6derna Carlsson - Legotillverkning och precisionsbearbetning .","og_description":"Legotillverkning och precisionsbearbetning med stor kundnytta och kvalitet. Hos v\u00e5ra kunder skall vi vara den sj\u00e4lvklara partnern och medleverant\u00f6ren.","og_url":"https:\/\/www.brodernacarlssonab.se\/en\/","og_site_name":"Br\u00f6derna Carlsson","article_modified_time":"2023-01-24T09:47:29+00:00","twitter_card":"summary_large_image","twitter_misc":{"Estimated reading time":"25 minutes"},"schema":{"@context":"https:\/\/schema.org","@graph":[{"@type":"WebPage","@id":"https:\/\/www.brodernacarlssonab.se\/","url":"https:\/\/www.brodernacarlssonab.se\/","name":"Br\u00f6derna Carlsson - Legotillverkning och precisionsbearbetning .","isPartOf":{"@id":"https:\/\/www.brodernacarlssonab.se\/#website"},"datePublished":"2016-09-20T14:19:34+00:00","dateModified":"2023-01-24T09:47:29+00:00","description":"Legotillverkning och precisionsbearbetning med stor kundnytta och kvalitet. Hos v\u00e5ra kunder skall vi vara den sj\u00e4lvklara partnern och medleverant\u00f6ren.","breadcrumb":{"@id":"https:\/\/www.brodernacarlssonab.se\/#breadcrumb"},"inLanguage":"en-GB","potentialAction":[{"@type":"ReadAction","target":["https:\/\/www.brodernacarlssonab.se\/"]}]},{"@type":"BreadcrumbList","@id":"https:\/\/www.brodernacarlssonab.se\/#breadcrumb","itemListElement":[{"@type":"ListItem","position":1,"name":"Hem","item":"https:\/\/www.brodernacarlssonab.se\/"},{"@type":"ListItem","position":2,"name":"Hem"}]},{"@type":"WebSite","@id":"https:\/\/www.brodernacarlssonab.se\/#website","url":"https:\/\/www.brodernacarlssonab.se\/","name":"Br\u00f6derna Carlsson","description":"H\u00f6gteknologiskt hantverk med skicklighet och precision","potentialAction":[{"@type":"SearchAction","target":{"@type":"EntryPoint","urlTemplate":"https:\/\/www.brodernacarlssonab.se\/?s={search_term_string}"},"query-input":"required name=search_term_string"}],"inLanguage":"en-GB"}]}},"_links":{"self":[{"href":"https:\/\/www.brodernacarlssonab.se\/en\/wp-json\/wp\/v2\/pages\/63"}],"collection":[{"href":"https:\/\/www.brodernacarlssonab.se\/en\/wp-json\/wp\/v2\/pages"}],"about":[{"href":"https:\/\/www.brodernacarlssonab.se\/en\/wp-json\/wp\/v2\/types\/page"}],"author":[{"embeddable":true,"href":"https:\/\/www.brodernacarlssonab.se\/en\/wp-json\/wp\/v2\/users\/1"}],"replies":[{"embeddable":true,"href":"https:\/\/www.brodernacarlssonab.se\/en\/wp-json\/wp\/v2\/comments?post=63"}],"version-history":[{"count":66,"href":"https:\/\/www.brodernacarlssonab.se\/en\/wp-json\/wp\/v2\/pages\/63\/revisions"}],"predecessor-version":[{"id":563,"href":"https:\/\/www.brodernacarlssonab.se\/en\/wp-json\/wp\/v2\/pages\/63\/revisions\/563"}],"wp:attachment":[{"href":"https:\/\/www.brodernacarlssonab.se\/en\/wp-json\/wp\/v2\/media?parent=63"}],"curies":[{"name":"wp","href":"https:\/\/api.w.org\/{rel}","templated":true}]}}