{"id":167,"date":"2017-08-16T09:19:18","date_gmt":"2017-08-16T09:19:18","guid":{"rendered":"http:\/\/www.brodernacarlssonab.se\/?page_id=167"},"modified":"2024-09-19T13:08:07","modified_gmt":"2024-09-19T13:08:07","slug":"kontakt","status":"publish","type":"page","link":"https:\/\/www.brodernacarlssonab.se\/en\/kontakt\/","title":{"rendered":"Contact"},"content":{"rendered":"<div id=\"cs-content\" class=\"cs-content\"><\/div>","protected":false},"excerpt":{"rendered":"<p>br\u00f6derna carlsson abBr\u00f6derna Carlsson AB startades 1959 av Carl-Erik och Olle Carlsson under namnet Verktygs AB Br\u00f6derna Carlsson. Den huvudsakliga tillverkningen var d\u00e5 Formverktyg f\u00f6r Plastindustrin samt tillverkning av stansverktyg f\u00f6r pl\u00e5t. F\u00f6retaget k\u00f6ptes av Lennart Karlsson och verksamheten renodlades till endast tillverkning av formverktyg f\u00f6r plastindustrin. Bolaget \u00e4gs sedan 2004 av Victor Carlsson och Lennart Karlsson och drivs delvis &#8230; <a href=\"https:\/\/www.brodernacarlssonab.se\/en\/kontakt\/\" class=\"more-link\">Read More<\/a><\/p>","protected":false},"author":1,"featured_media":0,"parent":0,"menu_order":0,"comment_status":"closed","ping_status":"closed","template":"template-blank-4.php","meta":[],"yoast_head":"<!-- This site is optimized with the Yoast SEO plugin v20.0 - https:\/\/yoast.com\/wordpress\/plugins\/seo\/ -->\n<title>Kontakt - Br\u00f6derna Carlsson<\/title>\n<meta name=\"robots\" content=\"index, follow, max-snippet:-1, max-image-preview:large, max-video-preview:-1\" \/>\n<link rel=\"canonical\" href=\"https:\/\/www.brodernacarlssonab.se\/en\/kontakt\/\" \/>\n<meta property=\"og:locale\" content=\"en_GB\" \/>\n<meta property=\"og:type\" content=\"article\" \/>\n<meta property=\"og:title\" content=\"Kontakt - Br\u00f6derna Carlsson\" \/>\n<meta property=\"og:description\" content=\"br\u00f6derna carlsson abBr\u00f6derna Carlsson AB startades 1959 av Carl-Erik och Olle Carlsson under namnet Verktygs AB Br\u00f6derna Carlsson. Den huvudsakliga tillverkningen var d\u00e5 Formverktyg f\u00f6r Plastindustrin samt tillverkning av stansverktyg f\u00f6r pl\u00e5t. F\u00f6retaget k\u00f6ptes av Lennart Karlsson och verksamheten renodlades till endast tillverkning av formverktyg f\u00f6r plastindustrin. Bolaget \u00e4gs sedan 2004 av Victor Carlsson och Lennart Karlsson och drivs delvis ... Read More\" \/>\n<meta property=\"og:url\" content=\"https:\/\/www.brodernacarlssonab.se\/en\/kontakt\/\" \/>\n<meta property=\"og:site_name\" content=\"Br\u00f6derna Carlsson\" \/>\n<meta property=\"article:modified_time\" content=\"2024-09-19T13:08:07+00:00\" \/>\n<meta name=\"twitter:card\" content=\"summary_large_image\" \/>\n<meta name=\"twitter:label1\" content=\"Estimated reading time\" \/>\n\t<meta name=\"twitter:data1\" content=\"13 minutes\" \/>\n<script type=\"application\/ld+json\" class=\"yoast-schema-graph\">{\"@context\":\"https:\/\/schema.org\",\"@graph\":[{\"@type\":\"WebPage\",\"@id\":\"https:\/\/www.brodernacarlssonab.se\/kontakt\/\",\"url\":\"https:\/\/www.brodernacarlssonab.se\/kontakt\/\",\"name\":\"Kontakt - Br\u00f6derna Carlsson\",\"isPartOf\":{\"@id\":\"https:\/\/www.brodernacarlssonab.se\/#website\"},\"datePublished\":\"2017-08-16T09:19:18+00:00\",\"dateModified\":\"2024-09-19T13:08:07+00:00\",\"breadcrumb\":{\"@id\":\"https:\/\/www.brodernacarlssonab.se\/kontakt\/#breadcrumb\"},\"inLanguage\":\"en-GB\",\"potentialAction\":[{\"@type\":\"ReadAction\",\"target\":[\"https:\/\/www.brodernacarlssonab.se\/kontakt\/\"]}]},{\"@type\":\"BreadcrumbList\",\"@id\":\"https:\/\/www.brodernacarlssonab.se\/kontakt\/#breadcrumb\",\"itemListElement\":[{\"@type\":\"ListItem\",\"position\":1,\"name\":\"Hem\",\"item\":\"https:\/\/www.brodernacarlssonab.se\/\"},{\"@type\":\"ListItem\",\"position\":2,\"name\":\"Kontakt\"}]},{\"@type\":\"WebSite\",\"@id\":\"https:\/\/www.brodernacarlssonab.se\/#website\",\"url\":\"https:\/\/www.brodernacarlssonab.se\/\",\"name\":\"Br\u00f6derna Carlsson\",\"description\":\"H\u00f6gteknologiskt hantverk med skicklighet och precision\",\"potentialAction\":[{\"@type\":\"SearchAction\",\"target\":{\"@type\":\"EntryPoint\",\"urlTemplate\":\"https:\/\/www.brodernacarlssonab.se\/?s={search_term_string}\"},\"query-input\":\"required name=search_term_string\"}],\"inLanguage\":\"en-GB\"}]}<\/script>\n<!-- \/ Yoast SEO plugin. -->","yoast_head_json":{"title":"Kontakt - Br\u00f6derna Carlsson","robots":{"index":"index","follow":"follow","max-snippet":"max-snippet:-1","max-image-preview":"max-image-preview:large","max-video-preview":"max-video-preview:-1"},"canonical":"https:\/\/www.brodernacarlssonab.se\/en\/kontakt\/","og_locale":"en_GB","og_type":"article","og_title":"Kontakt - Br\u00f6derna Carlsson","og_description":"br\u00f6derna carlsson abBr\u00f6derna Carlsson AB startades 1959 av Carl-Erik och Olle Carlsson under namnet Verktygs AB Br\u00f6derna Carlsson. Den huvudsakliga tillverkningen var d\u00e5 Formverktyg f\u00f6r Plastindustrin samt tillverkning av stansverktyg f\u00f6r pl\u00e5t. F\u00f6retaget k\u00f6ptes av Lennart Karlsson och verksamheten renodlades till endast tillverkning av formverktyg f\u00f6r plastindustrin. Bolaget \u00e4gs sedan 2004 av Victor Carlsson och Lennart Karlsson och drivs delvis ... Read More","og_url":"https:\/\/www.brodernacarlssonab.se\/en\/kontakt\/","og_site_name":"Br\u00f6derna Carlsson","article_modified_time":"2024-09-19T13:08:07+00:00","twitter_card":"summary_large_image","twitter_misc":{"Estimated reading time":"13 minutes"},"schema":{"@context":"https:\/\/schema.org","@graph":[{"@type":"WebPage","@id":"https:\/\/www.brodernacarlssonab.se\/kontakt\/","url":"https:\/\/www.brodernacarlssonab.se\/kontakt\/","name":"Kontakt - Br\u00f6derna Carlsson","isPartOf":{"@id":"https:\/\/www.brodernacarlssonab.se\/#website"},"datePublished":"2017-08-16T09:19:18+00:00","dateModified":"2024-09-19T13:08:07+00:00","breadcrumb":{"@id":"https:\/\/www.brodernacarlssonab.se\/kontakt\/#breadcrumb"},"inLanguage":"en-GB","potentialAction":[{"@type":"ReadAction","target":["https:\/\/www.brodernacarlssonab.se\/kontakt\/"]}]},{"@type":"BreadcrumbList","@id":"https:\/\/www.brodernacarlssonab.se\/kontakt\/#breadcrumb","itemListElement":[{"@type":"ListItem","position":1,"name":"Hem","item":"https:\/\/www.brodernacarlssonab.se\/"},{"@type":"ListItem","position":2,"name":"Kontakt"}]},{"@type":"WebSite","@id":"https:\/\/www.brodernacarlssonab.se\/#website","url":"https:\/\/www.brodernacarlssonab.se\/","name":"Br\u00f6derna Carlsson","description":"H\u00f6gteknologiskt hantverk med skicklighet och precision","potentialAction":[{"@type":"SearchAction","target":{"@type":"EntryPoint","urlTemplate":"https:\/\/www.brodernacarlssonab.se\/?s={search_term_string}"},"query-input":"required name=search_term_string"}],"inLanguage":"en-GB"}]}},"_links":{"self":[{"href":"https:\/\/www.brodernacarlssonab.se\/en\/wp-json\/wp\/v2\/pages\/167"}],"collection":[{"href":"https:\/\/www.brodernacarlssonab.se\/en\/wp-json\/wp\/v2\/pages"}],"about":[{"href":"https:\/\/www.brodernacarlssonab.se\/en\/wp-json\/wp\/v2\/types\/page"}],"author":[{"embeddable":true,"href":"https:\/\/www.brodernacarlssonab.se\/en\/wp-json\/wp\/v2\/users\/1"}],"replies":[{"embeddable":true,"href":"https:\/\/www.brodernacarlssonab.se\/en\/wp-json\/wp\/v2\/comments?post=167"}],"version-history":[{"count":41,"href":"https:\/\/www.brodernacarlssonab.se\/en\/wp-json\/wp\/v2\/pages\/167\/revisions"}],"predecessor-version":[{"id":580,"href":"https:\/\/www.brodernacarlssonab.se\/en\/wp-json\/wp\/v2\/pages\/167\/revisions\/580"}],"wp:attachment":[{"href":"https:\/\/www.brodernacarlssonab.se\/en\/wp-json\/wp\/v2\/media?parent=167"}],"curies":[{"name":"wp","href":"https:\/\/api.w.org\/{rel}","templated":true}]}}