{"id":162,"date":"2017-08-16T08:07:34","date_gmt":"2017-08-16T08:07:34","guid":{"rendered":"http:\/\/www.brodernacarlssonab.se\/?page_id=162"},"modified":"2024-09-19T13:07:09","modified_gmt":"2024-09-19T13:07:09","slug":"certifikat","status":"publish","type":"page","link":"https:\/\/www.brodernacarlssonab.se\/en\/certifikat\/","title":{"rendered":"Certificate"},"content":{"rendered":"<div id=\"cs-content\" class=\"cs-content\"><\/div>","protected":false},"excerpt":{"rendered":"<p>CertifikatBr\u00f6derna Carlsson AB \u00e4r certifierade av NQA enligt AS9100D och ISO9001:2015 och av Scandinavian Business Certifactaion enligt \u00a0ISO14001:2015 och ISO45001:2018. Dessa system \u00e4r integrerade tillsammans i v\u00e5rt ledningssystem genom gemensamma processer f\u00f6r st\u00f6rsta flexibilitet. Ladda ned certifikat h\u00e4r: AS9100-ISO9001 ISO14001-ISO45001 Verksamhetspolicy<\/p>","protected":false},"author":1,"featured_media":0,"parent":0,"menu_order":0,"comment_status":"closed","ping_status":"closed","template":"template-blank-4.php","meta":[],"yoast_head":"<!-- This site is optimized with the Yoast SEO plugin v20.0 - https:\/\/yoast.com\/wordpress\/plugins\/seo\/ -->\n<title>Certifikat - Br\u00f6derna Carlsson<\/title>\n<meta name=\"robots\" content=\"index, follow, max-snippet:-1, max-image-preview:large, max-video-preview:-1\" \/>\n<link rel=\"canonical\" href=\"https:\/\/www.brodernacarlssonab.se\/en\/certifikat\/\" \/>\n<meta property=\"og:locale\" content=\"en_GB\" \/>\n<meta property=\"og:type\" content=\"article\" \/>\n<meta property=\"og:title\" content=\"Certifikat - Br\u00f6derna Carlsson\" \/>\n<meta property=\"og:description\" content=\"CertifikatBr\u00f6derna Carlsson AB \u00e4r certifierade av NQA enligt AS9100D och ISO9001:2015 och av Scandinavian Business Certifactaion enligt \u00a0ISO14001:2015 och ISO45001:2018. Dessa system \u00e4r integrerade tillsammans i v\u00e5rt ledningssystem genom gemensamma processer f\u00f6r st\u00f6rsta flexibilitet. Ladda ned certifikat h\u00e4r: AS9100-ISO9001 ISO14001-ISO45001 Verksamhetspolicy\" \/>\n<meta property=\"og:url\" content=\"https:\/\/www.brodernacarlssonab.se\/en\/certifikat\/\" \/>\n<meta property=\"og:site_name\" content=\"Br\u00f6derna Carlsson\" \/>\n<meta property=\"article:modified_time\" content=\"2024-09-19T13:07:09+00:00\" \/>\n<meta name=\"twitter:card\" content=\"summary_large_image\" \/>\n<meta name=\"twitter:label1\" content=\"Estimated reading time\" \/>\n\t<meta name=\"twitter:data1\" content=\"1 minute\" \/>\n<script type=\"application\/ld+json\" class=\"yoast-schema-graph\">{\"@context\":\"https:\/\/schema.org\",\"@graph\":[{\"@type\":\"WebPage\",\"@id\":\"https:\/\/www.brodernacarlssonab.se\/certifikat\/\",\"url\":\"https:\/\/www.brodernacarlssonab.se\/certifikat\/\",\"name\":\"Certifikat - Br\u00f6derna Carlsson\",\"isPartOf\":{\"@id\":\"https:\/\/www.brodernacarlssonab.se\/#website\"},\"datePublished\":\"2017-08-16T08:07:34+00:00\",\"dateModified\":\"2024-09-19T13:07:09+00:00\",\"breadcrumb\":{\"@id\":\"https:\/\/www.brodernacarlssonab.se\/certifikat\/#breadcrumb\"},\"inLanguage\":\"en-GB\",\"potentialAction\":[{\"@type\":\"ReadAction\",\"target\":[\"https:\/\/www.brodernacarlssonab.se\/certifikat\/\"]}]},{\"@type\":\"BreadcrumbList\",\"@id\":\"https:\/\/www.brodernacarlssonab.se\/certifikat\/#breadcrumb\",\"itemListElement\":[{\"@type\":\"ListItem\",\"position\":1,\"name\":\"Hem\",\"item\":\"https:\/\/www.brodernacarlssonab.se\/\"},{\"@type\":\"ListItem\",\"position\":2,\"name\":\"Certifikat\"}]},{\"@type\":\"WebSite\",\"@id\":\"https:\/\/www.brodernacarlssonab.se\/#website\",\"url\":\"https:\/\/www.brodernacarlssonab.se\/\",\"name\":\"Br\u00f6derna Carlsson\",\"description\":\"H\u00f6gteknologiskt hantverk med skicklighet och precision\",\"potentialAction\":[{\"@type\":\"SearchAction\",\"target\":{\"@type\":\"EntryPoint\",\"urlTemplate\":\"https:\/\/www.brodernacarlssonab.se\/?s={search_term_string}\"},\"query-input\":\"required name=search_term_string\"}],\"inLanguage\":\"en-GB\"}]}<\/script>\n<!-- \/ Yoast SEO plugin. -->","yoast_head_json":{"title":"Certifikat - Br\u00f6derna Carlsson","robots":{"index":"index","follow":"follow","max-snippet":"max-snippet:-1","max-image-preview":"max-image-preview:large","max-video-preview":"max-video-preview:-1"},"canonical":"https:\/\/www.brodernacarlssonab.se\/en\/certifikat\/","og_locale":"en_GB","og_type":"article","og_title":"Certifikat - Br\u00f6derna Carlsson","og_description":"CertifikatBr\u00f6derna Carlsson AB \u00e4r certifierade av NQA enligt AS9100D och ISO9001:2015 och av Scandinavian Business Certifactaion enligt \u00a0ISO14001:2015 och ISO45001:2018. Dessa system \u00e4r integrerade tillsammans i v\u00e5rt ledningssystem genom gemensamma processer f\u00f6r st\u00f6rsta flexibilitet. Ladda ned certifikat h\u00e4r: AS9100-ISO9001 ISO14001-ISO45001 Verksamhetspolicy","og_url":"https:\/\/www.brodernacarlssonab.se\/en\/certifikat\/","og_site_name":"Br\u00f6derna Carlsson","article_modified_time":"2024-09-19T13:07:09+00:00","twitter_card":"summary_large_image","twitter_misc":{"Estimated reading time":"1 minute"},"schema":{"@context":"https:\/\/schema.org","@graph":[{"@type":"WebPage","@id":"https:\/\/www.brodernacarlssonab.se\/certifikat\/","url":"https:\/\/www.brodernacarlssonab.se\/certifikat\/","name":"Certifikat - Br\u00f6derna Carlsson","isPartOf":{"@id":"https:\/\/www.brodernacarlssonab.se\/#website"},"datePublished":"2017-08-16T08:07:34+00:00","dateModified":"2024-09-19T13:07:09+00:00","breadcrumb":{"@id":"https:\/\/www.brodernacarlssonab.se\/certifikat\/#breadcrumb"},"inLanguage":"en-GB","potentialAction":[{"@type":"ReadAction","target":["https:\/\/www.brodernacarlssonab.se\/certifikat\/"]}]},{"@type":"BreadcrumbList","@id":"https:\/\/www.brodernacarlssonab.se\/certifikat\/#breadcrumb","itemListElement":[{"@type":"ListItem","position":1,"name":"Hem","item":"https:\/\/www.brodernacarlssonab.se\/"},{"@type":"ListItem","position":2,"name":"Certifikat"}]},{"@type":"WebSite","@id":"https:\/\/www.brodernacarlssonab.se\/#website","url":"https:\/\/www.brodernacarlssonab.se\/","name":"Br\u00f6derna Carlsson","description":"H\u00f6gteknologiskt hantverk med skicklighet och precision","potentialAction":[{"@type":"SearchAction","target":{"@type":"EntryPoint","urlTemplate":"https:\/\/www.brodernacarlssonab.se\/?s={search_term_string}"},"query-input":"required name=search_term_string"}],"inLanguage":"en-GB"}]}},"_links":{"self":[{"href":"https:\/\/www.brodernacarlssonab.se\/en\/wp-json\/wp\/v2\/pages\/162"}],"collection":[{"href":"https:\/\/www.brodernacarlssonab.se\/en\/wp-json\/wp\/v2\/pages"}],"about":[{"href":"https:\/\/www.brodernacarlssonab.se\/en\/wp-json\/wp\/v2\/types\/page"}],"author":[{"embeddable":true,"href":"https:\/\/www.brodernacarlssonab.se\/en\/wp-json\/wp\/v2\/users\/1"}],"replies":[{"embeddable":true,"href":"https:\/\/www.brodernacarlssonab.se\/en\/wp-json\/wp\/v2\/comments?post=162"}],"version-history":[{"count":21,"href":"https:\/\/www.brodernacarlssonab.se\/en\/wp-json\/wp\/v2\/pages\/162\/revisions"}],"predecessor-version":[{"id":581,"href":"https:\/\/www.brodernacarlssonab.se\/en\/wp-json\/wp\/v2\/pages\/162\/revisions\/581"}],"wp:attachment":[{"href":"https:\/\/www.brodernacarlssonab.se\/en\/wp-json\/wp\/v2\/media?parent=162"}],"curies":[{"name":"wp","href":"https:\/\/api.w.org\/{rel}","templated":true}]}}